{"id":223,"date":"2015-09-22T05:34:06","date_gmt":"2015-09-22T03:34:06","guid":{"rendered":"http:\/\/www.imuthes.de\/?page_id=223"},"modified":"2016-04-26T11:45:03","modified_gmt":"2016-04-26T09:45:03","slug":"leistungen","status":"publish","type":"page","link":"https:\/\/www.imuthes.de\/?page_id=223","title":{"rendered":"Leistungen"},"content":{"rendered":"<p>Fr\u00fchling, Sommer, Herbst und Winter<\/p>\n<p>So unterschiedlich die Jahreszeiten sind, so unterschiedlich ist die Betreuung von Grundst\u00fcck und Immobilie.<br \/>\n\u00dcber das ganze Jahr fallen die verschiedensten T\u00e4tigkeiten zur Pflege und Werterhaltung Ihrer Liegenschaft an.<br \/>\nEs gibt immer etwas zu tun.<\/p>\n<p>Auf den Nachfolgenden Seiten erhalten Sie einen \u00dcberblick \u00fcber unsere Serviceleisungen.<\/p>\n<h3 style=\"text-align: left;\"><a class=\"wpb_button\" title=\"Hausmeisterservice\" href=\"http:\/\/www.imuthes.de\/?page_id=241\"> Hausmeisterservice <\/a><\/h3>\n<h3 style=\"text-align: left;\"><a class=\"wpb_button\" title=\"Garten- und Landschaftspflege\" href=\"http:\/\/www.imuthes.de\/?page_id=215\"> Garten- und Landschaftspflege <\/a><\/h3>\n<h3 style=\"text-align: left;\"><a class=\"wpb_button\" title=\"Innen- und Au\u00dfenreinigung\" href=\"http:\/\/www.imuthes.de\/?page_id=243\"> Innen- und Au\u00dfenreinigung <\/a><\/h3>\n<h3 style=\"text-align: left;\"><a class=\"wpb_button\" title=\"Winterdienst\" href=\"http:\/\/www.imuthes.de\/?page_id=226\"> Winterdienst <\/a><\/h3>\n","protected":false},"excerpt":{"rendered":"<p>Fr\u00fchling, Sommer, Herbst und Winter So unterschiedlich die Jahreszeiten sind, so unterschiedlich ist die Betreuung von Grundst\u00fcck und Immobilie. \u00dcber das ganze Jahr fallen die verschiedensten T\u00e4tigkeiten zur Pflege und Werterhaltung Ihrer Liegenschaft an. Es gibt immer etwas zu tun. Auf den Nachfolgenden Seiten erhalten Sie einen \u00dcberblick \u00fcber unsere Serviceleisungen. Hausmeisterservice Garten- und Landschaftspflege<\/p>\n<p class=\"more-link\"><a href=\"https:\/\/www.imuthes.de\/?page_id=223\" class=\"themebutton2\">READ MORE<\/a><\/p>\n","protected":false},"author":1,"featured_media":0,"parent":0,"menu_order":0,"comment_status":"closed","ping_status":"closed","template":"","meta":{"footnotes":""},"class_list":["post-223","page","type-page","status-publish","hentry"],"_links":{"self":[{"href":"https:\/\/www.imuthes.de\/index.php?rest_route=\/wp\/v2\/pages\/223","targetHints":{"allow":["GET"]}}],"collection":[{"href":"https:\/\/www.imuthes.de\/index.php?rest_route=\/wp\/v2\/pages"}],"about":[{"href":"https:\/\/www.imuthes.de\/index.php?rest_route=\/wp\/v2\/types\/page"}],"author":[{"embeddable":true,"href":"https:\/\/www.imuthes.de\/index.php?rest_route=\/wp\/v2\/users\/1"}],"replies":[{"embeddable":true,"href":"https:\/\/www.imuthes.de\/index.php?rest_route=%2Fwp%2Fv2%2Fcomments&post=223"}],"version-history":[{"count":6,"href":"https:\/\/www.imuthes.de\/index.php?rest_route=\/wp\/v2\/pages\/223\/revisions"}],"predecessor-version":[{"id":267,"href":"https:\/\/www.imuthes.de\/index.php?rest_route=\/wp\/v2\/pages\/223\/revisions\/267"}],"wp:attachment":[{"href":"https:\/\/www.imuthes.de\/index.php?rest_route=%2Fwp%2Fv2%2Fmedia&parent=223"}],"curies":[{"name":"wp","href":"https:\/\/api.w.org\/{rel}","templated":true}]}}