{"id":215,"date":"2015-09-22T04:43:43","date_gmt":"2015-09-22T02:43:43","guid":{"rendered":"http:\/\/www.imuthes.de\/?page_id=215"},"modified":"2016-05-11T12:31:31","modified_gmt":"2016-05-11T10:31:31","slug":"gartenpflege","status":"publish","type":"page","link":"https:\/\/www.imuthes.de\/?page_id=215","title":{"rendered":"Garten- und Landschaftspflege"},"content":{"rendered":"<p>Gepflegte Au\u00dfenanlagen sind das Aush\u00e4ngeschild jedes Unternehmens und jeder Immobilie.<br \/>\nDurch regelm\u00e4\u00dfige Pflege und \u00dcberwachung sichern Sie den Werterhalt Ihrer Liegenschaft.<br \/>\nDar\u00fcber hinaus steigern Sie das Wohlbefinden der Bewohner, Besucher und Nutzer.<br \/>\nEine gepflegte Gr\u00fcnanlage steigert Lebensqualit\u00e4t, Arbeitsfreude und Produktivit\u00e4t.<\/p>\n<p>Im Bereich Gartenservice bieten wir Ihnen Serviceleistungen rund um die Pflege Ihrer Au\u00dfenanlagen an, wie zum Beispiel:<\/p>\n<ul>\n<li>Pflege und Instandhaltung von Au\u00dfen -und Gr\u00fcnanlagen<\/li>\n<li>Hecken -und Strauchschnitt<\/li>\n<li>M\u00e4harbeiten<\/li>\n<li>Freischneiden<\/li>\n<li>Beet und Rabatten Bepflanzung<\/li>\n<\/ul>\n<p>&nbsp;<\/p>\n<p>&nbsp;<\/p>\n<p>&nbsp;<\/p>\n","protected":false},"excerpt":{"rendered":"<p>Gepflegte Au\u00dfenanlagen sind das Aush\u00e4ngeschild jedes Unternehmens und jeder Immobilie. Durch regelm\u00e4\u00dfige Pflege und \u00dcberwachung sichern Sie den Werterhalt Ihrer Liegenschaft. Dar\u00fcber hinaus steigern Sie das Wohlbefinden der Bewohner, Besucher und Nutzer. Eine gepflegte Gr\u00fcnanlage steigert Lebensqualit\u00e4t, Arbeitsfreude und Produktivit\u00e4t. Im Bereich Gartenservice bieten wir Ihnen Serviceleistungen rund um die Pflege Ihrer Au\u00dfenanlagen an, wie<\/p>\n<p class=\"more-link\"><a href=\"https:\/\/www.imuthes.de\/?page_id=215\" class=\"themebutton2\">READ MORE<\/a><\/p>\n","protected":false},"author":1,"featured_media":0,"parent":0,"menu_order":0,"comment_status":"closed","ping_status":"closed","template":"","meta":{"footnotes":""},"class_list":["post-215","page","type-page","status-publish","hentry"],"_links":{"self":[{"href":"https:\/\/www.imuthes.de\/index.php?rest_route=\/wp\/v2\/pages\/215","targetHints":{"allow":["GET"]}}],"collection":[{"href":"https:\/\/www.imuthes.de\/index.php?rest_route=\/wp\/v2\/pages"}],"about":[{"href":"https:\/\/www.imuthes.de\/index.php?rest_route=\/wp\/v2\/types\/page"}],"author":[{"embeddable":true,"href":"https:\/\/www.imuthes.de\/index.php?rest_route=\/wp\/v2\/users\/1"}],"replies":[{"embeddable":true,"href":"https:\/\/www.imuthes.de\/index.php?rest_route=%2Fwp%2Fv2%2Fcomments&post=215"}],"version-history":[{"count":5,"href":"https:\/\/www.imuthes.de\/index.php?rest_route=\/wp\/v2\/pages\/215\/revisions"}],"predecessor-version":[{"id":219,"href":"https:\/\/www.imuthes.de\/index.php?rest_route=\/wp\/v2\/pages\/215\/revisions\/219"}],"wp:attachment":[{"href":"https:\/\/www.imuthes.de\/index.php?rest_route=%2Fwp%2Fv2%2Fmedia&parent=215"}],"curies":[{"name":"wp","href":"https:\/\/api.w.org\/{rel}","templated":true}]}}